{"id":44,"date":"2016-04-21T18:02:33","date_gmt":"2016-04-21T16:02:33","guid":{"rendered":"http:\/\/www.gruenderkompassrecht.de\/?page_id=44"},"modified":"2024-08-29T14:08:33","modified_gmt":"2024-08-29T12:08:33","slug":"themen","status":"publish","type":"page","link":"https:\/\/www.gruenderkompassrecht.de\/de\/themen\/","title":{"rendered":"Themen"},"content":{"rendered":"\n<style type=\"text\/css\" data-created_by=\"avia_inline_auto\" id=\"style-css-av-7dq5s-b88c5f64678808255138a3d263da5026\">\n.flex_column.av-7dq5s-b88c5f64678808255138a3d263da5026{\nborder-radius:0px 0px 0px 0px;\n-webkit-border-radius:0px 0px 0px 0px;\n-moz-border-radius:0px 0px 0px 0px;\n}\n<\/style>\n<div class='flex_column av-7dq5s-b88c5f64678808255138a3d263da5026 av_two_third  avia-builder-el-0  el_before_av_one_third  avia-builder-el-first  first flex_column_div av-zero-column-padding '   ><p>\n<style type=\"text\/css\" data-created_by=\"avia_inline_auto\" id=\"style-css-av-owps-b7817a4043220c78b88ac0f863d24fc8\">\n#top .av-special-heading.av-owps-b7817a4043220c78b88ac0f863d24fc8{\npadding-bottom:10px;\n}\nbody .av-special-heading.av-owps-b7817a4043220c78b88ac0f863d24fc8 .av-special-heading-tag .heading-char{\nfont-size:25px;\n}\n.av-special-heading.av-owps-b7817a4043220c78b88ac0f863d24fc8 .av-subheading{\nfont-size:15px;\n}\n<\/style>\n<div  class='av-special-heading av-owps-b7817a4043220c78b88ac0f863d24fc8 av-special-heading-h1  avia-builder-el-1  el_before_av_textblock  avia-builder-el-first '><h1 class='av-special-heading-tag'  itemprop=\"headline\"  >Themen des Workshops<\/h1><div class=\"special-heading-border\"><div class=\"special-heading-inner-border\"><\/div><\/div><\/div><br \/>\n<section  class='av_textblock_section av-688pw-60222d025e4c2e5a20d1fcef512c92ed'  itemscope=\"itemscope\" itemtype=\"https:\/\/schema.org\/CreativeWork\" ><div class='avia_textblock'  itemprop=\"text\" ><p><strong>1. Gr\u00fcndung des Startups<\/strong><\/p>\n<ul>\n<li>Gesellschaftsrecht:\n<ul type=\"circle\">\n<li>Welche Rechtsform passt zu mir und meinem Unternehmen?<\/li>\n<li>Wie l\u00e4uft die Gr\u00fcndung in der Praxis ab (wie hoch sind z.\u00a0B. die Kosten und muss ich einen Notar einschalten)?<\/li>\n<li>Welche zentralen Regelungen enthalten die Satzung und m\u00f6gliche weitere Vertr\u00e4ge (z.\u00a0B. Gesellschaftervereinbarung)?<\/li>\n<\/ul>\n<\/li>\n<li>IP-Recht:\n<ul>\n<li>Wie sichere ich mein Gesch\u00e4ftsmodell durch geistiges Eigentum (Marken, Patente, Designs, Urheberrecht) rechtlich ab?<\/li>\n<li>Was kann ich und was sollte ich in der Gr\u00fcndungsphase sch\u00fctzen lassen?<\/li>\n<\/ul>\n<\/li>\n<li>Steuerrecht:\n<ul type=\"circle\">\n<li>Welchen Einfluss hat das Steuerrecht auf die Wahl der Rechtsform auf mich und mein Unternehmen?<\/li>\n<li>Welchen Nutzen hat eine Schachtelbeteiligung?<\/li>\n<li>Was muss ich in praktischer Hinsicht beachten (Fragebogen zur steuerlichen Erfassung, Steuervorauszahlungen, Umsatzsteuer und Vorsteuerabzug)?<\/li>\n<\/ul>\n<\/li>\n<li>Arbeitsrecht:\n<ul type=\"circle\">\n<li>Was muss ich bei Stellenanzeigen, Bewerbungsgespr\u00e4chen und \u00a0Absagen beachten?<\/li>\n<li>Welchen typischen Inhalt hat ein Arbeitsvertrag und welche Besonderheiten gelten bei dem Abschluss befristeter Arbeitsvertr\u00e4ge?<\/li>\n<li>Kann ich statt regul\u00e4rer Arbeitsverh\u00e4ltnisse Praktikanten einsetzen?<\/li>\n<\/ul>\n<\/li>\n<\/ul>\n<p><strong>2. Wachstum des Startups<\/strong><\/p>\n<ul>\n<li>Gesellschaftsrecht:\n<ul>\n<li>Wie l\u00e4uft eine Finanzierungsrunde ab?<\/li>\n<li>Was ist bei NDA, LOI, DD, Beteiligungsvertrag zu beachten?<\/li>\n<\/ul>\n<\/li>\n<li>IP-Recht:\n<ul type=\"circle\">\n<li>Wie werbe ich rechtssicher (Email, Newsletter, Anrufe, Infopost etc.)?<\/li>\n<li>Wie sichere ich mir alle Rechte in Vertr\u00e4gen mit Freelancern, Webdesignern, Grafikern, Werbeagenturen?<\/li>\n<\/ul>\n<\/li>\n<li>Steuerrecht:\n<ul type=\"circle\">\n<li>Wie gestalte ich Tantiemenregelungen steuerlich angemessen aus?<\/li>\n<li>Was muss ich bei Investitionsabzugsbetr\u00e4gen und Sonderabschreibungen beachten?<\/li>\n<\/ul>\n<\/li>\n<li>Arbeitsrecht:\n<ul type=\"circle\">\n<li>Ab welcher Mitarbeiterzahl werden ma\u00dfgebliche Schwellenwerte \u00fcberschritten (z.\u00a0B. Anwendbarkeit des KSchG)? Wann k\u00f6nnen Mitarbeiter einen Betriebsrat bilden?<\/li>\n<li>Was ist bei der Zahlung von Boni etc. zu beachten?<\/li>\n<\/ul>\n<\/li>\n<\/ul>\n<p><strong>3. Etwaige Krise des Startups<\/strong><\/p>\n<ul>\n<li>Gesellschaftsrecht:\n<ul>\n<li>Was muss ich als Gesch\u00e4ftsf\u00fchrer in der Krise beachten?<\/li>\n<li>Welche M\u00f6glichkeiten habe ich als Gesellschafter in der Krise?<\/li>\n<\/ul>\n<\/li>\n<li>IP-Recht:\n<ul>\n<li>Welche Schritte muss ich unternehmen, wenn ich eine wettbewerbsrechtliche Abmahnung erhalte?<\/li>\n<li>Wie verh\u00e4lt es sich bei einer markenrechtlichen Abmahnung?<\/li>\n<\/ul>\n<\/li>\n<li>Steuerrecht:\n<ul>\n<li>Wie nutze ich Kostenstellen und BWA zur Kostensenkung?<\/li>\n<li>Was muss ich bei einer Gehaltsstundung beachten?<\/li>\n<\/ul>\n<\/li>\n<li>Arbeitsrecht:\n<ul>\n<li>Was muss ich bei Entlassungen beachten?<\/li>\n<li>Welche Optionen zur Gehaltsreduzierung stehen mir zur Verf\u00fcgung?<\/li>\n<li>Welche Sonderregelungen f\u00fcr Neugr\u00fcndungen gibt es, wenn ich Personal abbauen muss?<\/li>\n<\/ul>\n<\/li>\n<\/ul>\n<p><strong>4. Exit aus dem Startup<\/strong><\/p>\n<ul>\n<li>Gesellschaftsrecht:\n<ul>\n<li>Wie l\u00e4uft ein Exit ab?<\/li>\n<li>Was muss ich als Gesellschafter dabei beachten?<\/li>\n<\/ul>\n<\/li>\n<li>Steuerrecht:\n<ul>\n<li>Welche Steuergarantien sind beim Exit \u00fcblich?<\/li>\n<li>Wie kontrolliere ich meine pers\u00f6nliche Steuerlast beim Exit?<\/li>\n<\/ul>\n<\/li>\n<li>Arbeitsrecht:\n<ul type=\"circle\">\n<li>Welche Auswirkungen haben Change of Control-Klauseln?<\/li>\n<li>Welche Besonderheiten gelten bei Retention- bzw. Transaktionsboni?<\/li>\n<\/ul>\n<\/li>\n<\/ul>\n<p>Nach dem Programm besteht bei Snacks und Getr\u00e4nken die Gelegenheit, Fragen in pers\u00f6nlichen Gespr\u00e4chen mit den Referenten zu vertiefen und mit anderen jungen Unternehmern ins Gespr\u00e4ch zu kommen.<\/p>\n<p>F\u00fcr die <strong>(kostenlose) Teilnahme an dem Workshop ist eine <a href=\"http:\/\/www.gruenderkompassrecht.de\/anmeldung\/\">Anmeldung <\/a>erforderlich. <\/strong>Wir freuen uns auf einen spannenden Gedankenaustausch!<\/p>\n<\/div><\/section><\/p><\/div>\n\n<style type=\"text\/css\" data-created_by=\"avia_inline_auto\" id=\"style-css-av-5tly0-e66ec467b9e0210c8401ba797ac123aa\">\n.flex_column.av-5tly0-e66ec467b9e0210c8401ba797ac123aa{\nborder-radius:0px 0px 0px 0px;\n-webkit-border-radius:0px 0px 0px 0px;\n-moz-border-radius:0px 0px 0px 0px;\n}\n<\/style>\n<div class='flex_column av-5tly0-e66ec467b9e0210c8401ba797ac123aa av_one_third  avia-builder-el-3  el_after_av_two_third  avia-builder-el-last  flex_column_div av-zero-column-padding '   ><p><div   data-autoplay='false'  data-interval='5'  data-animation='slide'  class='avia-logo-element-container av-527lo-921758cb4e2d514bc5a17ce2b041a8cd av-border-deactivate avia-logo-grid avia-content-slider avia-smallarrow-slider avia-content-grid-active noHover avia-content-slider-odd  avia-builder-el-4  el_before_av_textblock  avia-builder-el-first  avia-content-slider1'><div class='avia-smallarrow-slider-heading  no-logo-slider-heading '><div class='new-special-heading'>&nbsp;<\/div><\/div><div class=\"avia-content-slider-inner\"><div class=\"slide-entry-wrap\"><div  class='slide-entry av-4frvw-62bfbefaa945cba7921da62ba0d1673b flex_column no_margin av_fullwidth real-thumbnail post-entry slide-entry-overview slide-loop-1 slide-parity-odd  first'><a href=\"https:\/\/www.facebook.com\/BLS.UI\" data-rel='slide-1' class='slide-image' title='' target=\"_blank\" rel=\"noopener noreferrer\"><img decoding=\"async\" width=\"180\" height=\"91\" src=\"https:\/\/www.gruenderkompassrecht.de\/wp-content\/uploads\/2016\/04\/BLS_UI.png\" class=\"wp-image-69 avia-img-lazy-loading-not-69 attachment-medium size-medium\" alt=\"\" \/><\/a><\/div><\/div><div class=\"slide-entry-wrap\"><div  class='slide-entry av-3or4g-24d1371fe1719bcca4f7bafa8313595c flex_column no_margin av_fullwidth real-thumbnail post-entry slide-entry-overview slide-loop-2 slide-parity-odd  first'><a href=\"http:\/\/www.dittmar-law.com\/\" data-rel='slide-1' class='slide-image' title='' target=\"_blank\" rel=\"noopener noreferrer\"><img decoding=\"async\" width=\"300\" height=\"108\" src=\"https:\/\/www.gruenderkompassrecht.de\/wp-content\/uploads\/2024\/04\/dgj-300x108.png\" class=\"wp-image-334 avia-img-lazy-loading-not-334 attachment-medium size-medium\" alt=\"\" srcset=\"https:\/\/www.gruenderkompassrecht.de\/wp-content\/uploads\/2024\/04\/dgj-300x108.png 300w, https:\/\/www.gruenderkompassrecht.de\/wp-content\/uploads\/2024\/04\/dgj.png 374w\" sizes=\"(max-width: 300px) 100vw, 300px\" \/><\/a><\/div><\/div><div class=\"slide-entry-wrap\"><div  class='slide-entry av-2ibcg-b66cc77f2aaa3163894eaac020625ba8 flex_column no_margin av_fullwidth real-thumbnail post-entry slide-entry-overview slide-loop-3 slide-parity-odd  first'><a href=\"http:\/\/www.rugefehsenfeld.de\/de\/\" data-rel='slide-1' class='slide-image' title='' target=\"_blank\" rel=\"noopener noreferrer\"><img decoding=\"async\" width=\"185\" height=\"84\" src=\"https:\/\/www.gruenderkompassrecht.de\/wp-content\/uploads\/2016\/04\/Logo_RugeFehsenfeld_185.jpg\" class=\"wp-image-222 avia-img-lazy-loading-not-222 attachment-medium size-medium\" alt=\"\" \/><\/a><\/div><\/div><div class=\"slide-entry-wrap\"><div  class='slide-entry av-73wc-b66789a80f57c35afff6560976af5094 flex_column no_margin av_fullwidth real-thumbnail post-entry slide-entry-overview slide-loop-4 slide-parity-odd  first'><a href=\"http:\/\/www.rps-stahmer.de\/\" data-rel='slide-1' class='slide-image' title='' target=\"_blank\" rel=\"noopener noreferrer\"><img decoding=\"async\" width=\"300\" height=\"150\" src=\"https:\/\/www.gruenderkompassrecht.de\/wp-content\/uploads\/2016\/04\/image001-300x150.jpg\" class=\"wp-image-163 avia-img-lazy-loading-not-163 attachment-medium size-medium\" alt=\"\" srcset=\"https:\/\/www.gruenderkompassrecht.de\/wp-content\/uploads\/2016\/04\/image001-300x150.jpg 300w, https:\/\/www.gruenderkompassrecht.de\/wp-content\/uploads\/2016\/04\/image001-450x225.jpg 450w, https:\/\/www.gruenderkompassrecht.de\/wp-content\/uploads\/2016\/04\/image001-e1461703600308.jpg 180w\" sizes=\"(max-width: 300px) 100vw, 300px\" \/><\/a><\/div><\/div><div class=\"slide-entry-wrap\"><div  class='slide-entry av-3fv28-8e9bfee8c29418878fee62359d38496b flex_column no_margin av_fullwidth real-thumbnail post-entry slide-entry-overview slide-loop-5 slide-parity-odd post-entry-last first'><a href=\"http:\/\/www.graef.eu\/de\/\" data-rel='slide-1' class='slide-image' title='' target=\"_blank\" rel=\"noopener noreferrer\"><img decoding=\"async\" width=\"300\" height=\"158\" src=\"https:\/\/www.gruenderkompassrecht.de\/wp-content\/uploads\/2024\/08\/Artana_small-300x158.png\" class=\"wp-image-345 avia-img-lazy-loading-not-345 attachment-medium size-medium\" alt=\"\" srcset=\"https:\/\/www.gruenderkompassrecht.de\/wp-content\/uploads\/2024\/08\/Artana_small-300x158.png 300w, https:\/\/www.gruenderkompassrecht.de\/wp-content\/uploads\/2024\/08\/Artana_small-1030x544.png 1030w, https:\/\/www.gruenderkompassrecht.de\/wp-content\/uploads\/2024\/08\/Artana_small-768x405.png 768w, https:\/\/www.gruenderkompassrecht.de\/wp-content\/uploads\/2024\/08\/Artana_small-1536x811.png 1536w, https:\/\/www.gruenderkompassrecht.de\/wp-content\/uploads\/2024\/08\/Artana_small-1500x792.png 1500w, https:\/\/www.gruenderkompassrecht.de\/wp-content\/uploads\/2024\/08\/Artana_small-710x375.png 710w, https:\/\/www.gruenderkompassrecht.de\/wp-content\/uploads\/2024\/08\/Artana_small-705x372.png 705w, https:\/\/www.gruenderkompassrecht.de\/wp-content\/uploads\/2024\/08\/Artana_small.png 1743w\" sizes=\"(max-width: 300px) 100vw, 300px\" \/><\/a><\/div><\/div><\/div><\/div><br \/>\n<section  class='av_textblock_section av-1p10w-309c915abc6d36197412fbbdec96caf3'  itemscope=\"itemscope\" itemtype=\"https:\/\/schema.org\/CreativeWork\" ><div class='avia_textblock'  itemprop=\"text\" ><p style=\"text-align: center;\"><strong>unterst\u00fctzt durch die<\/strong><\/p>\n<\/div><\/section><br \/>\n\n<style type=\"text\/css\" data-created_by=\"avia_inline_auto\" id=\"style-css-av-xlog-8487b29e2484e7fc2667f6df86aa2d97\">\n.avia-image-container.av-xlog-8487b29e2484e7fc2667f6df86aa2d97 .av-image-caption-overlay-center{\ncolor:#ffffff;\n}\n<\/style>\n<div  class='avia-image-container av-xlog-8487b29e2484e7fc2667f6df86aa2d97 av-styling- avia-align-center  avia-builder-el-6  el_after_av_textblock  avia-builder-el-last '  itemprop=\"image\" itemscope=\"itemscope\" itemtype=\"https:\/\/schema.org\/ImageObject\" ><div class=\"avia-image-container-inner\"><div class=\"avia-image-overlay-wrap\"><img decoding=\"async\" class='wp-image-73 avia-img-lazy-loading-not-73 avia_image' src=\"https:\/\/www.gruenderkompassrecht.de\/wp-content\/uploads\/2016\/04\/image.jpg\" alt='' title='image'  height=\"75\" width=\"180\"  itemprop=\"thumbnailUrl\"  \/><\/div><\/div><\/div><\/p><\/div>\n","protected":false},"excerpt":{"rendered":"","protected":false},"author":1,"featured_media":0,"parent":0,"menu_order":0,"comment_status":"closed","ping_status":"closed","template":"","meta":{"footnotes":""},"class_list":["post-44","page","type-page","status-publish","hentry"],"_links":{"self":[{"href":"https:\/\/www.gruenderkompassrecht.de\/de\/wp-json\/wp\/v2\/pages\/44","targetHints":{"allow":["GET"]}}],"collection":[{"href":"https:\/\/www.gruenderkompassrecht.de\/de\/wp-json\/wp\/v2\/pages"}],"about":[{"href":"https:\/\/www.gruenderkompassrecht.de\/de\/wp-json\/wp\/v2\/types\/page"}],"author":[{"embeddable":true,"href":"https:\/\/www.gruenderkompassrecht.de\/de\/wp-json\/wp\/v2\/users\/1"}],"replies":[{"embeddable":true,"href":"https:\/\/www.gruenderkompassrecht.de\/de\/wp-json\/wp\/v2\/comments?post=44"}],"version-history":[{"count":12,"href":"https:\/\/www.gruenderkompassrecht.de\/de\/wp-json\/wp\/v2\/pages\/44\/revisions"}],"predecessor-version":[{"id":356,"href":"https:\/\/www.gruenderkompassrecht.de\/de\/wp-json\/wp\/v2\/pages\/44\/revisions\/356"}],"wp:attachment":[{"href":"https:\/\/www.gruenderkompassrecht.de\/de\/wp-json\/wp\/v2\/media?parent=44"}],"curies":[{"name":"wp","href":"https:\/\/api.w.org\/{rel}","templated":true}]}}