{"id":42,"date":"2016-04-21T17:59:37","date_gmt":"2016-04-21T15:59:37","guid":{"rendered":"http:\/\/www.gruenderkompassrecht.de\/?page_id=42"},"modified":"2024-08-29T14:07:34","modified_gmt":"2024-08-29T12:07:34","slug":"konzept","status":"publish","type":"page","link":"https:\/\/www.gruenderkompassrecht.de\/de\/konzept\/","title":{"rendered":"Konzept"},"content":{"rendered":"\n<style type=\"text\/css\" data-created_by=\"avia_inline_auto\" id=\"style-css-av-7ha0i-c612b6fb31e02f70d76401ca3b8332f8\">\n.flex_column.av-7ha0i-c612b6fb31e02f70d76401ca3b8332f8{\nborder-radius:0px 0px 0px 0px;\n-webkit-border-radius:0px 0px 0px 0px;\n-moz-border-radius:0px 0px 0px 0px;\n}\n<\/style>\n<div class='flex_column av-7ha0i-c612b6fb31e02f70d76401ca3b8332f8 av_two_third  avia-builder-el-0  el_before_av_one_third  avia-builder-el-first  first flex_column_div av-zero-column-padding '   ><p>\n<style type=\"text\/css\" data-created_by=\"avia_inline_auto\" id=\"style-css-av-6mouu-48eef29f73c8dba431b501af08276232\">\n#top .av-special-heading.av-6mouu-48eef29f73c8dba431b501af08276232{\npadding-bottom:10px;\n}\nbody .av-special-heading.av-6mouu-48eef29f73c8dba431b501af08276232 .av-special-heading-tag .heading-char{\nfont-size:25px;\n}\n.av-special-heading.av-6mouu-48eef29f73c8dba431b501af08276232 .av-subheading{\nfont-size:15px;\n}\n<\/style>\n<div  class='av-special-heading av-6mouu-48eef29f73c8dba431b501af08276232 av-special-heading-h1  avia-builder-el-1  el_before_av_textblock  avia-builder-el-first '><h1 class='av-special-heading-tag'  itemprop=\"headline\"  >Konzept des Workshops<\/h1><div class=\"special-heading-border\"><div class=\"special-heading-inner-border\"><\/div><\/div><\/div><br \/>\n<section  class='av_textblock_section av-6cgq2-ceb5b43f1833fbbe0bb59446d8135099'  itemscope=\"itemscope\" itemtype=\"https:\/\/schema.org\/CreativeWork\" ><div class='avia_textblock'  itemprop=\"text\" ><p>Der Bucerius Gr\u00fcnderkompass Recht gibt anhand eines konkreten Beispiels eines fiktiven Startups einen\u00a0kompakten \u00dcberblick \u00fcber die f\u00fcr Startups wesentlichen Rechtsfragen in den Phasen der Gr\u00fcndung, des Wachstums (operativ und durch Finanzierungsrunden) und einer m\u00f6glichen Krise bis hin zum Exit.<\/p>\n<p>Jede vier dieser Phasen wird dabei von den vier spezialisierten Rechtsanwaltskanzleien <a href=\"http:\/\/www.dittmar-law.de\/\" target=\"_blank\" rel=\"noopener\">Dittmar Rechtsanw\u00e4lte<\/a>, <a href=\"http:\/\/www.artana.law\">ARTANA<\/a>, <a href=\"http:\/\/www.rugefehsenfeld.de\/\" target=\"_blank\" rel=\"noopener\">Ruge Fehsenfeld<\/a> und <a href=\"http:\/\/www.rps-stahmer.de\/\" target=\"_blank\" rel=\"noopener\">RPS Stahmer<\/a> aus dem Blickwinkel der f\u00fcr Startups\u00a0zentralen Rechtsgebiete des <strong>Gesellschaftsrechts, IP-Rechts, Steuerrechts und des Arbeitsrechts\u00a0<\/strong>beleuchtet.<\/p>\n<p>Der Workshop bleibt nicht bei theoretischen Fragen stehen, sondern vermittelt Startups <strong>praktische Hinweise, die ihnen einen konkreten Nutzen bieten.<\/strong><\/p>\n<p>Der Workshop findet von 13 Uhr bis 18 Uhr statt. Anschlie\u00dfend besteht bei Snacks und Getr\u00e4nken die Gelegenheit, Fragen in pers\u00f6nlichen Gespr\u00e4chen mit den Referenten zu vertiefen und mit anderen jungen Unternehmern ins Gespr\u00e4ch zu kommen.<\/p>\n<p><strong>F\u00fcr die (kostenlose) Teilnahme an dem Workshop ist eine <a href=\"http:\/\/www.gruenderkompassrecht.de\/anmeldung\/\">Anmeldung <\/a>erforderlich.<\/strong> Wir freuen uns auf einen spannenden Gedankenaustausch!<\/p>\n<\/div><\/section><\/p><\/div>\n\n<style type=\"text\/css\" data-created_by=\"avia_inline_auto\" id=\"style-css-av-5x1sa-1fdbca0661f82de0f44880242cc655de\">\n.flex_column.av-5x1sa-1fdbca0661f82de0f44880242cc655de{\nborder-radius:0px 0px 0px 0px;\n-webkit-border-radius:0px 0px 0px 0px;\n-moz-border-radius:0px 0px 0px 0px;\n}\n<\/style>\n<div class='flex_column av-5x1sa-1fdbca0661f82de0f44880242cc655de av_one_third  avia-builder-el-3  el_after_av_two_third  el_before_av_tab_section  avia-builder-el-last  flex_column_div av-zero-column-padding '   ><p><div   data-autoplay='false'  data-interval='5'  data-animation='slide'  class='avia-logo-element-container av-520ci-3fbe3d0a92cbceeab551815727d9f193 av-border-deactivate avia-logo-grid avia-content-slider avia-smallarrow-slider avia-content-grid-active noHover avia-content-slider-odd  avia-builder-el-4  el_before_av_textblock  avia-builder-el-first  avia-content-slider1'><div class='avia-smallarrow-slider-heading  no-logo-slider-heading '><div class='new-special-heading'>&nbsp;<\/div><\/div><div class=\"avia-content-slider-inner\"><div class=\"slide-entry-wrap\"><div  class='slide-entry av-4q2eq-f7f09f0c840682a491f2b4f2128a4f05 flex_column no_margin av_fullwidth real-thumbnail post-entry slide-entry-overview slide-loop-1 slide-parity-odd  first'><a href=\"https:\/\/www.facebook.com\/BLS.UI\" data-rel='slide-1' class='slide-image' title='' target=\"_blank\" rel=\"noopener noreferrer\"><img decoding=\"async\" width=\"180\" height=\"91\" src=\"https:\/\/www.gruenderkompassrecht.de\/wp-content\/uploads\/2016\/04\/BLS_UI.png\" class=\"wp-image-69 avia-img-lazy-loading-not-69 attachment-medium size-medium\" alt=\"\" \/><\/a><\/div><\/div><div class=\"slide-entry-wrap\"><div  class='slide-entry av-dfd6-3be40c970da4354d7a0043fd559c7ff8 flex_column no_margin av_fullwidth real-thumbnail post-entry slide-entry-overview slide-loop-2 slide-parity-odd  first'><a href=\"http:\/\/www.dittmar-law.com\/\" data-rel='slide-1' class='slide-image' title='' target=\"_blank\" rel=\"noopener noreferrer\"><img decoding=\"async\" width=\"300\" height=\"108\" src=\"https:\/\/www.gruenderkompassrecht.de\/wp-content\/uploads\/2024\/04\/dgj-300x108.png\" class=\"wp-image-334 avia-img-lazy-loading-not-334 attachment-medium size-medium\" alt=\"\" srcset=\"https:\/\/www.gruenderkompassrecht.de\/wp-content\/uploads\/2024\/04\/dgj-300x108.png 300w, https:\/\/www.gruenderkompassrecht.de\/wp-content\/uploads\/2024\/04\/dgj.png 374w\" sizes=\"(max-width: 300px) 100vw, 300px\" \/><\/a><\/div><\/div><div class=\"slide-entry-wrap\"><div  class='slide-entry av-2h4wm-e694c6212a59a6fedfc6d5a430323a2e flex_column no_margin av_fullwidth real-thumbnail post-entry slide-entry-overview slide-loop-3 slide-parity-odd  first'><a href=\"http:\/\/www.rugefehsenfeld.de\/de\/\" data-rel='slide-1' class='slide-image' title='' target=\"_blank\" rel=\"noopener noreferrer\"><img decoding=\"async\" width=\"185\" height=\"84\" src=\"https:\/\/www.gruenderkompassrecht.de\/wp-content\/uploads\/2016\/04\/Logo_RugeFehsenfeld_185.jpg\" class=\"wp-image-222 avia-img-lazy-loading-not-222 attachment-medium size-medium\" alt=\"\" \/><\/a><\/div><\/div><div class=\"slide-entry-wrap\"><div  class='slide-entry av-267um-50077e247fd48580ce28de3630c80e50 flex_column no_margin av_fullwidth real-thumbnail post-entry slide-entry-overview slide-loop-4 slide-parity-odd  first'><a href=\"http:\/\/www.rps-stahmer.de\/\" data-rel='slide-1' class='slide-image' title='' target=\"_blank\" rel=\"noopener noreferrer\"><img decoding=\"async\" width=\"300\" height=\"150\" src=\"https:\/\/www.gruenderkompassrecht.de\/wp-content\/uploads\/2016\/04\/image001-300x150.jpg\" class=\"wp-image-163 avia-img-lazy-loading-not-163 attachment-medium size-medium\" alt=\"\" srcset=\"https:\/\/www.gruenderkompassrecht.de\/wp-content\/uploads\/2016\/04\/image001-300x150.jpg 300w, https:\/\/www.gruenderkompassrecht.de\/wp-content\/uploads\/2016\/04\/image001-450x225.jpg 450w, https:\/\/www.gruenderkompassrecht.de\/wp-content\/uploads\/2016\/04\/image001-e1461703600308.jpg 180w\" sizes=\"(max-width: 300px) 100vw, 300px\" \/><\/a><\/div><\/div><div class=\"slide-entry-wrap\"><div  class='slide-entry av-3ez6y-03f66b14fb1720210c24f7a7386d5d80 flex_column no_margin av_fullwidth real-thumbnail post-entry slide-entry-overview slide-loop-5 slide-parity-odd post-entry-last first'><a href=\"http:\/\/www.graef.eu\/de\/\" data-rel='slide-1' class='slide-image' title='' target=\"_blank\" rel=\"noopener noreferrer\"><img decoding=\"async\" width=\"300\" height=\"158\" src=\"https:\/\/www.gruenderkompassrecht.de\/wp-content\/uploads\/2024\/08\/Artana_small-300x158.png\" class=\"wp-image-345 avia-img-lazy-loading-not-345 attachment-medium size-medium\" alt=\"\" srcset=\"https:\/\/www.gruenderkompassrecht.de\/wp-content\/uploads\/2024\/08\/Artana_small-300x158.png 300w, https:\/\/www.gruenderkompassrecht.de\/wp-content\/uploads\/2024\/08\/Artana_small-1030x544.png 1030w, https:\/\/www.gruenderkompassrecht.de\/wp-content\/uploads\/2024\/08\/Artana_small-768x405.png 768w, https:\/\/www.gruenderkompassrecht.de\/wp-content\/uploads\/2024\/08\/Artana_small-1536x811.png 1536w, https:\/\/www.gruenderkompassrecht.de\/wp-content\/uploads\/2024\/08\/Artana_small-1500x792.png 1500w, https:\/\/www.gruenderkompassrecht.de\/wp-content\/uploads\/2024\/08\/Artana_small-710x375.png 710w, https:\/\/www.gruenderkompassrecht.de\/wp-content\/uploads\/2024\/08\/Artana_small-705x372.png 705w, https:\/\/www.gruenderkompassrecht.de\/wp-content\/uploads\/2024\/08\/Artana_small.png 1743w\" sizes=\"(max-width: 300px) 100vw, 300px\" \/><\/a><\/div><\/div><\/div><\/div><br \/>\n<section  class='av_textblock_section av-1kzvu-40dd95d715314549f2cde03c067a8b8c'  itemscope=\"itemscope\" itemtype=\"https:\/\/schema.org\/CreativeWork\" ><div class='avia_textblock'  itemprop=\"text\" ><p style=\"text-align: center;\"><strong>unterst\u00fctzt durch die<\/strong><\/p>\n<\/div><\/section><br \/>\n\n<style type=\"text\/css\" data-created_by=\"avia_inline_auto\" id=\"style-css-av-15l0u-d22c415d8c8c4df6a8713d2f35685738\">\n.avia-image-container.av-15l0u-d22c415d8c8c4df6a8713d2f35685738 .av-image-caption-overlay-center{\ncolor:#ffffff;\n}\n<\/style>\n<div  class='avia-image-container av-15l0u-d22c415d8c8c4df6a8713d2f35685738 av-styling- avia-align-center  avia-builder-el-6  el_after_av_textblock  avia-builder-el-last '  itemprop=\"image\" itemscope=\"itemscope\" itemtype=\"https:\/\/schema.org\/ImageObject\" ><div class=\"avia-image-container-inner\"><div class=\"avia-image-overlay-wrap\"><img decoding=\"async\" class='wp-image-73 avia-img-lazy-loading-not-73 avia_image' src=\"https:\/\/www.gruenderkompassrecht.de\/wp-content\/uploads\/2016\/04\/image.jpg\" alt='' title='image'  height=\"75\" width=\"180\"  itemprop=\"thumbnailUrl\"  \/><\/div><\/div><\/div><\/p><\/div><\/div><\/div><\/div><!-- close content main div --><\/div><\/div><div id='av-tab-section-1'  class='av-tab-section-container entry-content-wrapper main_color av-tab-no-transition   av-tab-above-content  avia-builder-el-7  el_after_av_one_third  avia-builder-el-last  tab-section-not-first container_wrap fullsize'  ><div class='av-tab-section-outer-container av-351v2-a06ab0612b5aa6cfbc8bd2033442fbe5'><div class='av-tab-section-tab-title-container avia-tab-title-padding-default' role='tablist'><a href='#reiter-1' data-av-tab-section-title='1' class='av-section-tab-title av-active-tab-title no-scroll av-2x7ri-fd6246eeab0ab3c7e10f7f909ac9dd30 av-tab-no-icon av-tab-no-image ' role='tab' tabindex='0' aria-controls='av-tab-section-1-1'><span class='av-outer-tab-title'><span class='av-inner-tab-title'>Reiter 1<\/span><\/span><span class=\"av-tab-arrow-container\"><span><\/span><\/span><\/a><a href='#reiter-2' data-av-tab-section-title='2' class='av-section-tab-title  av-21a2m-5949ee21b442f953f6c64bb7ef1ff4a3 av-tab-no-icon av-tab-no-image ' role='tab' tabindex='0' aria-controls='av-tab-section-1-2'><span class='av-outer-tab-title'><span class='av-inner-tab-title'>Reiter 2<\/span><\/span><span class=\"av-tab-arrow-container\"><span><\/span><\/span><\/a><a href='#reiter-3' data-av-tab-section-title='3' class='av-section-tab-title  av-1hntm-89926a189495e0c9817d3755df4d9355 av-tab-no-icon av-tab-no-image ' role='tab' tabindex='0' aria-controls='av-tab-section-1-3'><span class='av-outer-tab-title'><span class='av-inner-tab-title'>Reiter 3<\/span><\/span><span class=\"av-tab-arrow-container\"><span><\/span><\/span><\/a><a href='#reiter-4' data-av-tab-section-title='4' class='av-section-tab-title  av-eoy-27bf9442f40b542255cb2d2796123805 av-tab-no-icon av-tab-no-image ' role='tab' tabindex='0' aria-controls='av-tab-section-1-4'><span class='av-outer-tab-title'><span class='av-inner-tab-title'>Reiter 4<\/span><\/span><span class=\"av-tab-arrow-container\"><span><\/span><\/span><\/a><\/div><div class='av-tab-section-inner-container avia-section-default' style='width:400vw; left:0%;'><span class=\"av_prev_tab_section av_tab_navigation\"><\/span><span class=\"av_next_tab_section av_tab_navigation\"><\/span>\n<div id='av-tab-section-1-1' class='av-layout-tab av-2x7ri-fd6246eeab0ab3c7e10f7f909ac9dd30 av-animation-delay-container  avia-builder-el-8  el_before_av_tab_sub_section  avia-builder-el-first  av-active-tab-content __av_init_open '  data-av-tab-section-content=\"1\" data-tab-section-id='av-tab-section-1-1'><div class=\"av-layout-tab-inner\"><div class=\"container\"><\/div><\/div><\/div><div id='av-tab-section-1-2' class='av-layout-tab av-21a2m-5949ee21b442f953f6c64bb7ef1ff4a3 av-animation-delay-container  avia-builder-el-9  el_after_av_tab_sub_section  el_before_av_tab_sub_section   '  data-av-tab-section-content=\"2\" data-tab-section-id='av-tab-section-1-2'><div class=\"av-layout-tab-inner\"><div class=\"container\"><\/div><\/div><\/div><div id='av-tab-section-1-3' class='av-layout-tab av-1hntm-89926a189495e0c9817d3755df4d9355 av-animation-delay-container  avia-builder-el-10  el_after_av_tab_sub_section  el_before_av_tab_sub_section   '  data-av-tab-section-content=\"3\" data-tab-section-id='av-tab-section-1-3'><div class=\"av-layout-tab-inner\"><div class=\"container\"><\/div><\/div><\/div><div id='av-tab-section-1-4' class='av-layout-tab av-eoy-27bf9442f40b542255cb2d2796123805 av-animation-delay-container  avia-builder-el-11  el_after_av_tab_sub_section  avia-builder-el-last   '  data-av-tab-section-content=\"4\" data-tab-section-id='av-tab-section-1-4'><div class=\"av-layout-tab-inner\"><div class=\"container\"><\/div><\/div><\/div>\n<\/div><\/div><\/div><\/p>\n","protected":false},"excerpt":{"rendered":"","protected":false},"author":1,"featured_media":0,"parent":0,"menu_order":0,"comment_status":"closed","ping_status":"closed","template":"","meta":{"footnotes":""},"class_list":["post-42","page","type-page","status-publish","hentry"],"_links":{"self":[{"href":"https:\/\/www.gruenderkompassrecht.de\/de\/wp-json\/wp\/v2\/pages\/42","targetHints":{"allow":["GET"]}}],"collection":[{"href":"https:\/\/www.gruenderkompassrecht.de\/de\/wp-json\/wp\/v2\/pages"}],"about":[{"href":"https:\/\/www.gruenderkompassrecht.de\/de\/wp-json\/wp\/v2\/types\/page"}],"author":[{"embeddable":true,"href":"https:\/\/www.gruenderkompassrecht.de\/de\/wp-json\/wp\/v2\/users\/1"}],"replies":[{"embeddable":true,"href":"https:\/\/www.gruenderkompassrecht.de\/de\/wp-json\/wp\/v2\/comments?post=42"}],"version-history":[{"count":20,"href":"https:\/\/www.gruenderkompassrecht.de\/de\/wp-json\/wp\/v2\/pages\/42\/revisions"}],"predecessor-version":[{"id":355,"href":"https:\/\/www.gruenderkompassrecht.de\/de\/wp-json\/wp\/v2\/pages\/42\/revisions\/355"}],"wp:attachment":[{"href":"https:\/\/www.gruenderkompassrecht.de\/de\/wp-json\/wp\/v2\/media?parent=42"}],"curies":[{"name":"wp","href":"https:\/\/api.w.org\/{rel}","templated":true}]}}