{"id":38,"date":"2016-04-19T23:49:42","date_gmt":"2016-04-19T21:49:42","guid":{"rendered":"http:\/\/www.gruenderkompassrecht.de\/?page_id=38"},"modified":"2026-03-22T08:14:08","modified_gmt":"2026-03-22T07:14:08","slug":"anmeldung","status":"publish","type":"page","link":"https:\/\/www.gruenderkompassrecht.de\/de\/anmeldung\/","title":{"rendered":"Anmeldung"},"content":{"rendered":"<section  class='av_textblock_section av-6a9v2-3e5834c35e98271179661900285db43a'  itemscope=\"itemscope\" itemtype=\"https:\/\/schema.org\/CreativeWork\" ><div class='avia_textblock'  itemprop=\"text\" ><div>Die Teilnahme am Bucerius Gr\u00fcnderkompass Recht ist kostenlos. Es steht lediglich eine begrenzte Zahl an Pl\u00e4tzen zur Verf\u00fcgung. Wir behalten uns deshalb die Auswahl der Teilnehmer vor. Dabei ber\u00fccksichtigen wir einerseits die Reihenfolge der Anmeldungen, andererseits die Motivation f\u00fcr die Anmeldung.<\/div>\n<div><\/div>\n<div><\/div>\n<div>Bitte schickt uns eine kurze Email an <a class=\"ms-outlook-linkify\" href=\"mailto:office@artana.law\">office@artana.law<\/a> mit Name, Adresse und einem Satz, warum Ihr teilnehmen wollt. Wir schicken Euch dann eine Best\u00e4tigung.<\/div>\n<\/div><\/section>\n","protected":false},"excerpt":{"rendered":"","protected":false},"author":1,"featured_media":0,"parent":0,"menu_order":0,"comment_status":"closed","ping_status":"closed","template":"","meta":{"footnotes":""},"class_list":["post-38","page","type-page","status-publish","hentry"],"_links":{"self":[{"href":"https:\/\/www.gruenderkompassrecht.de\/de\/wp-json\/wp\/v2\/pages\/38","targetHints":{"allow":["GET"]}}],"collection":[{"href":"https:\/\/www.gruenderkompassrecht.de\/de\/wp-json\/wp\/v2\/pages"}],"about":[{"href":"https:\/\/www.gruenderkompassrecht.de\/de\/wp-json\/wp\/v2\/types\/page"}],"author":[{"embeddable":true,"href":"https:\/\/www.gruenderkompassrecht.de\/de\/wp-json\/wp\/v2\/users\/1"}],"replies":[{"embeddable":true,"href":"https:\/\/www.gruenderkompassrecht.de\/de\/wp-json\/wp\/v2\/comments?post=38"}],"version-history":[{"count":32,"href":"https:\/\/www.gruenderkompassrecht.de\/de\/wp-json\/wp\/v2\/pages\/38\/revisions"}],"predecessor-version":[{"id":401,"href":"https:\/\/www.gruenderkompassrecht.de\/de\/wp-json\/wp\/v2\/pages\/38\/revisions\/401"}],"wp:attachment":[{"href":"https:\/\/www.gruenderkompassrecht.de\/de\/wp-json\/wp\/v2\/media?parent=38"}],"curies":[{"name":"wp","href":"https:\/\/api.w.org\/{rel}","templated":true}]}}