{"id":17,"date":"2016-04-19T23:49:35","date_gmt":"2016-04-19T21:49:35","guid":{"rendered":"http:\/\/www.gruenderkompassrecht.de\/?page_id=17"},"modified":"2026-02-09T16:18:24","modified_gmt":"2026-02-09T15:18:24","slug":"startseite","status":"publish","type":"page","link":"https:\/\/www.gruenderkompassrecht.de\/de\/","title":{"rendered":"Startseite"},"content":{"rendered":"<div id='full_slider_1'  class='avia-fullwidth-slider main_color avia-shadow   avia-builder-el-0  el_before_av_two_third  avia-builder-el-first   container_wrap fullsize'  ><div  class='avia-slideshow av-l8egd-d81b4d97c54294d0d6240a6b106a2012 av-control-default avia-slideshow-featured av_slideshow_full avia-slide-slider av-default-height-applied   avia-slideshow-1'  data-size='featured'  data-lightbox_size='large'  data-animation='slide'  data-conditional_play=''  data-ids='281,111,237,276,274,278,112,241,373,374'  data-video_counter='0'  data-autoplay='true'  data-bg_slider='false'  data-slide_height=''  data-handle='av_slideshow_full'  data-interval='5'  data-class=''  data-extra_class=' '  data-el_id=''  data-css_id=''  data-scroll_down=''  data-control_layout='av-control-default'  data-custom_markup=''  data-perma_caption=''  data-autoplay_stopper=''  data-image_attachment=''  data-min_height='0px'  data-lazy_loading='disabled'  data-default-height='40.262172284644'  data-stretch=''  data-src=''  data-position='top left'  data-repeat='no-repeat'  data-attach='scroll'  data-img_scrset=''  data-av-desktop-hide=''  data-av-medium-hide=''  data-av-small-hide=''  data-av-mini-hide=''  data-id=''  data-custom_class=''  data-template_class=''  data-av_uid='av-l8egd'  data-sc_version='1.0'  data-heading_tag=''  data-heading_class=''   itemprop=\"image\" itemscope=\"itemscope\" itemtype=\"https:\/\/schema.org\/ImageObject\" ><ul class='avia-slideshow-inner ' style='padding-bottom: 40.262172284644%;'><li  class='avia-slideshow-slide av-l8egd-d81b4d97c54294d0d6240a6b106a2012__0  slide-1 ' ><div data-rel='slideshow-1' class='avia-slide-wrap '   ><img decoding=\"async\" class=\"wp-image-281 avia-img-lazy-loading-not-281\"  src=\"https:\/\/www.gruenderkompassrecht.de\/wp-content\/uploads\/2019\/03\/Auditorium--1068x430.jpg\" width=\"1068\" height=\"430\" title='Auditorium' alt=''  itemprop=\"thumbnailUrl\"   \/><\/div><\/li><li  class='avia-slideshow-slide av-l8egd-d81b4d97c54294d0d6240a6b106a2012__1  slide-2 ' ><div data-rel='slideshow-1' class='avia-slide-wrap '   ><img decoding=\"async\" class=\"wp-image-111 avia-img-lazy-loading-not-111\"  src=\"https:\/\/www.gruenderkompassrecht.de\/wp-content\/uploads\/2016\/04\/1H3A0442-1.jpg\" width=\"1500\" height=\"430\" title='1H3A0442' alt=''  itemprop=\"thumbnailUrl\" srcset=\"https:\/\/www.gruenderkompassrecht.de\/wp-content\/uploads\/2016\/04\/1H3A0442-1.jpg 1500w, https:\/\/www.gruenderkompassrecht.de\/wp-content\/uploads\/2016\/04\/1H3A0442-1-300x86.jpg 300w, https:\/\/www.gruenderkompassrecht.de\/wp-content\/uploads\/2016\/04\/1H3A0442-1-768x220.jpg 768w, https:\/\/www.gruenderkompassrecht.de\/wp-content\/uploads\/2016\/04\/1H3A0442-1-1030x295.jpg 1030w, https:\/\/www.gruenderkompassrecht.de\/wp-content\/uploads\/2016\/04\/1H3A0442-1-705x202.jpg 705w, https:\/\/www.gruenderkompassrecht.de\/wp-content\/uploads\/2016\/04\/1H3A0442-1-450x129.jpg 450w\" sizes=\"(max-width: 1500px) 100vw, 1500px\" \/><\/div><\/li><li  class='avia-slideshow-slide av-l8egd-d81b4d97c54294d0d6240a6b106a2012__2  slide-3 ' ><div data-rel='slideshow-1' class='avia-slide-wrap '   ><img decoding=\"async\" class=\"wp-image-237 avia-img-lazy-loading-not-237\"  src=\"https:\/\/www.gruenderkompassrecht.de\/wp-content\/uploads\/2016\/04\/Banner-1179x430.png\" width=\"1179\" height=\"430\" title='Banner' alt=''  itemprop=\"thumbnailUrl\"   \/><\/div><\/li><li  class='avia-slideshow-slide av-l8egd-d81b4d97c54294d0d6240a6b106a2012__3  slide-4 ' ><div data-rel='slideshow-1' class='avia-slide-wrap '   ><img decoding=\"async\" class=\"wp-image-276 avia-img-lazy-loading-not-276\"  src=\"https:\/\/www.gruenderkompassrecht.de\/wp-content\/uploads\/2019\/03\/Ruge--1500x430.jpg\" width=\"1500\" height=\"430\" title='Ruge' alt=''  itemprop=\"thumbnailUrl\"   \/><\/div><\/li><li  class='avia-slideshow-slide av-l8egd-d81b4d97c54294d0d6240a6b106a2012__4  slide-5 ' ><div data-rel='slideshow-1' class='avia-slide-wrap '   ><img decoding=\"async\" class=\"wp-image-274 avia-img-lazy-loading-not-274\"  src=\"https:\/\/www.gruenderkompassrecht.de\/wp-content\/uploads\/2019\/03\/Dr.-Dittmar--1500x430.jpg\" width=\"1500\" height=\"430\" title='Dr. Dittmar' alt=''  itemprop=\"thumbnailUrl\"   \/><\/div><\/li><li  class='avia-slideshow-slide av-l8egd-d81b4d97c54294d0d6240a6b106a2012__5  slide-6 ' ><div data-rel='slideshow-1' class='avia-slide-wrap '   ><img decoding=\"async\" class=\"wp-image-278 avia-img-lazy-loading-not-278\"  src=\"https:\/\/www.gruenderkompassrecht.de\/wp-content\/uploads\/2019\/03\/Dr.-Deeg-1-1-1080x430.jpg\" width=\"1080\" height=\"430\" title='Dr. Deeg' alt=''  itemprop=\"thumbnailUrl\"   \/><\/div><\/li><li  class='avia-slideshow-slide av-l8egd-d81b4d97c54294d0d6240a6b106a2012__6  slide-7 ' ><div data-rel='slideshow-1' class='avia-slide-wrap '   ><img decoding=\"async\" class=\"wp-image-112 avia-img-lazy-loading-not-112\"  src=\"https:\/\/www.gruenderkompassrecht.de\/wp-content\/uploads\/2016\/04\/1H3A0491-1.jpg\" width=\"1500\" height=\"430\" title='1H3A0491' alt=''  itemprop=\"thumbnailUrl\" srcset=\"https:\/\/www.gruenderkompassrecht.de\/wp-content\/uploads\/2016\/04\/1H3A0491-1.jpg 1500w, https:\/\/www.gruenderkompassrecht.de\/wp-content\/uploads\/2016\/04\/1H3A0491-1-300x86.jpg 300w, https:\/\/www.gruenderkompassrecht.de\/wp-content\/uploads\/2016\/04\/1H3A0491-1-768x220.jpg 768w, https:\/\/www.gruenderkompassrecht.de\/wp-content\/uploads\/2016\/04\/1H3A0491-1-1030x295.jpg 1030w, https:\/\/www.gruenderkompassrecht.de\/wp-content\/uploads\/2016\/04\/1H3A0491-1-705x202.jpg 705w, https:\/\/www.gruenderkompassrecht.de\/wp-content\/uploads\/2016\/04\/1H3A0491-1-450x129.jpg 450w\" sizes=\"(max-width: 1500px) 100vw, 1500px\" \/><\/div><\/li><li  class='avia-slideshow-slide av-l8egd-d81b4d97c54294d0d6240a6b106a2012__7  slide-8 ' ><div data-rel='slideshow-1' class='avia-slide-wrap '   ><img decoding=\"async\" class=\"wp-image-241 avia-img-lazy-loading-not-241\"  src=\"https:\/\/www.gruenderkompassrecht.de\/wp-content\/uploads\/2016\/04\/gruppe-1500x430.jpg\" width=\"1500\" height=\"430\" title='gruppe' alt=''  itemprop=\"thumbnailUrl\"   \/><\/div><\/li><li  class='avia-slideshow-slide av-l8egd-d81b4d97c54294d0d6240a6b106a2012__8  slide-9 ' ><div data-rel='slideshow-1' class='avia-slide-wrap '   ><img decoding=\"async\" class=\"wp-image-373 avia-img-lazy-loading-not-373\"  src=\"https:\/\/www.gruenderkompassrecht.de\/wp-content\/uploads\/2025\/04\/Team-Gruenderkompass-1-1500x430.jpg\" width=\"1500\" height=\"430\" title='Team Gr\u00fcnderkompass' alt=''  itemprop=\"thumbnailUrl\"   \/><\/div><\/li><li  class='avia-slideshow-slide av-l8egd-d81b4d97c54294d0d6240a6b106a2012__9  slide-10 ' ><div data-rel='slideshow-1' class='avia-slide-wrap '   ><img decoding=\"async\" class=\"wp-image-374 avia-img-lazy-loading-not-374\"  src=\"https:\/\/www.gruenderkompassrecht.de\/wp-content\/uploads\/2025\/04\/Ruge-Gruenderkompass-1-1500x430.jpg\" width=\"1500\" height=\"430\" title='Ruge Gr\u00fcnderkompass' alt=''  itemprop=\"thumbnailUrl\"   \/><\/div><\/li><\/ul><div class='avia-slideshow-arrows avia-slideshow-controls' ><a href='#prev' class='prev-slide ' aria-hidden='true' data-av_icon='\ue87c' data-av_iconfont='entypo-fontello'  tabindex='-1'>Zur\u00fcck<\/a><a href='#next' class='next-slide ' aria-hidden='true' data-av_icon='\ue87d' data-av_iconfont='entypo-fontello'  tabindex='-1'>Weiter<\/a><\/div><div class='avia-slideshow-dots avia-slideshow-controls'><a href='#1' class='goto-slide active' >1<\/a><a href='#2' class='goto-slide ' >2<\/a><a href='#3' class='goto-slide ' >3<\/a><a href='#4' class='goto-slide ' >4<\/a><a href='#5' class='goto-slide ' >5<\/a><a href='#6' class='goto-slide ' >6<\/a><a href='#7' class='goto-slide ' >7<\/a><a href='#8' class='goto-slide ' >8<\/a><a href='#9' class='goto-slide ' >9<\/a><a href='#10' class='goto-slide ' >10<\/a><\/div><\/div><\/div><div id='after_full_slider_1'  class='main_color av_default_container_wrap container_wrap fullsize'  ><div class='container av-section-cont-open' ><div class='template-page content  av-content-full alpha units'><div class='post-entry post-entry-type-page post-entry-17'><div class='entry-content-wrapper clearfix'>\n\n<style type=\"text\/css\" data-created_by=\"avia_inline_auto\" id=\"style-css-av-em9gl-782803568adf81340cf846e8e8d07503\">\n.flex_column.av-em9gl-782803568adf81340cf846e8e8d07503{\nborder-radius:0px 0px 0px 0px;\n-webkit-border-radius:0px 0px 0px 0px;\n-moz-border-radius:0px 0px 0px 0px;\n}\n<\/style>\n<div class='flex_column av-em9gl-782803568adf81340cf846e8e8d07503 av_two_third  avia-builder-el-1  el_after_av_slideshow_full  el_before_av_one_third  avia-builder-el-first  first flex_column_div av-zero-column-padding '   ><p>\n<style type=\"text\/css\" data-created_by=\"avia_inline_auto\" id=\"style-css-av-dyuhd-9b6f6852c2db36cba5a9cd8fb7c481dc\">\n#top .av-special-heading.av-dyuhd-9b6f6852c2db36cba5a9cd8fb7c481dc{\npadding-bottom:10px;\n}\nbody .av-special-heading.av-dyuhd-9b6f6852c2db36cba5a9cd8fb7c481dc .av-special-heading-tag .heading-char{\nfont-size:25px;\n}\n.av-special-heading.av-dyuhd-9b6f6852c2db36cba5a9cd8fb7c481dc .av-subheading{\nfont-size:15px;\n}\n<\/style>\n<div  class='av-special-heading av-dyuhd-9b6f6852c2db36cba5a9cd8fb7c481dc av-special-heading-h1  avia-builder-el-2  el_before_av_textblock  avia-builder-el-first '><h1 class='av-special-heading-tag'  itemprop=\"headline\"  >Der Workshop f\u00fcr Startups<\/h1><div class=\"special-heading-border\"><div class=\"special-heading-inner-border\"><\/div><\/div><\/div><br \/>\n\n<style type=\"text\/css\" data-created_by=\"avia_inline_auto\" id=\"style-css-av-da7d9-c58e07e0a819b116ecdd4af180008886\">\n#top .av_textblock_section.av-da7d9-c58e07e0a819b116ecdd4af180008886 .avia_textblock{\nfont-size:16px;\n}\n<\/style>\n<section  class='av_textblock_section av-da7d9-c58e07e0a819b116ecdd4af180008886'  itemscope=\"itemscope\" itemtype=\"https:\/\/schema.org\/CreativeWork\" ><div class='avia_textblock'  itemprop=\"text\" ><p>Was Startups wissen m\u00fcssen \u2013 bereits zum zw\u00f6lften Mal l\u00e4dt der erfolgreiche Bucerius Gr\u00fcnderkompass Recht junge Unternehmer f\u00fcr den <strong>6.05.2026<\/strong> zu einem halbt\u00e4gigen und <strong>kostenlosen Workshop<\/strong> ein.<\/p>\n<p>Die Veranstaltung findet statt <strong>von 13-18 h<\/strong> in den R\u00e4umen der Bucerius Law School Hochschule f\u00fcr Rechtswissenschaft in Hamburg (Jungiusstra\u00dfe 6)\u00a0.<\/p>\n<p><strong>In dem Workshop werden die rechtlichen Herausforderungen beleuchtet, die sich Startups in den verschiedenen Phasen ihres Marktauftritts stellen.<\/strong><\/p>\n<p>Die Veranstaltung des BUCERIUS Entrepreneurs Club gibt dazu einen \u00dcberblick \u00fcber die f\u00fcr Startups wesentlichen Rechtsfragen in den Phasen der Gr\u00fcndung, des Wachstums und einer m\u00f6glichen Krise bis hin zum Exit.<\/p>\n<p>Jede dieser vier Phasen wird dabei aus dem Blickwinkel der f\u00fcr Startups\u00a0zentralen Rechtsgebiete des Gesellschaftsrechts, IP-Rechts, Steuerrechts und des Arbeitsrechts beleuchtet.<\/p>\n<p>Der Bucerius Gr\u00fcnderkompass Recht wird veranstaltet in Zusammenarbeit mit den auf diese vier Rechtsgebiete spezialisierten Anwaltskanzleien <a href=\"http:\/\/www.dittmar-law.com\/\" target=\"_blank\" rel=\"noopener\">Dittmar Rechtsanw\u00e4lte<\/a>, <a href=\"http:\/\/www.artana.law\">ARTANA<\/a>, <a href=\"http:\/\/www.rugefehsenfeld.de\/\">RUGE FEHSENFELD<\/a> und <a href=\"http:\/\/www.rps-stahmer.de\/\" target=\"_blank\" rel=\"noopener\">RPS Stahmer<\/a>.<\/p>\n<p>Eine \u00dcbersicht zu den Themen findet Ihr <a href=\"http:\/\/www.gruenderkompassrecht.de\/themen\/\">hier<\/a>.<\/p>\n<\/div><\/section><br \/>\n\n<style type=\"text\/css\" data-created_by=\"avia_inline_auto\" id=\"style-css-av-cyu9h-2caf1e3fbce0d802b26f36f9ceaf3145\">\n#top .hr.hr-invisible.av-cyu9h-2caf1e3fbce0d802b26f36f9ceaf3145{\nheight:50px;\n}\n<\/style>\n<div  class='hr av-cyu9h-2caf1e3fbce0d802b26f36f9ceaf3145 hr-invisible  avia-builder-el-4  el_after_av_textblock  el_before_av_button '><span class='hr-inner '><span class=\"hr-inner-style\"><\/span><\/span><\/div><br \/>\n<div  class='avia-button-wrap avia-button-center  avia-builder-el-5  el_after_av_hr  avia-builder-el-last ' ><a href='https:\/\/www.gruenderkompassrecht.de\/de\/anmeldung\/'  class='avia-button av-c408d-1c79371554298d3eeaa3ad7436c90ce7 avia-icon_select-yes-left-icon avia-size-x-large avia-position-center avia-color-theme-color' ><span class='avia_button_icon avia_button_icon_left' aria-hidden='true' data-av_icon='\ue836' data-av_iconfont='entypo-fontello'><\/span><span class='avia_iconbox_title' >Jetzt kostenlos anmelden<\/span><\/a><\/div><\/p><\/div>\n\n<style type=\"text\/css\" data-created_by=\"avia_inline_auto\" id=\"style-css-av-bv2pd-68ea2b9c39be0998df56d23e7c28a133\">\n.flex_column.av-bv2pd-68ea2b9c39be0998df56d23e7c28a133{\nborder-radius:0px 0px 0px 0px;\n-webkit-border-radius:0px 0px 0px 0px;\n-moz-border-radius:0px 0px 0px 0px;\n}\n<\/style>\n<div class='flex_column av-bv2pd-68ea2b9c39be0998df56d23e7c28a133 av_one_third  avia-builder-el-6  el_after_av_two_third  el_before_av_hr  flex_column_div av-zero-column-padding '   ><p><div   data-autoplay='false'  data-interval='5'  data-animation='slide'  class='avia-logo-element-container av-b94yt-a720027b974af90266766e22d60f79e5 av-border-deactivate avia-logo-grid avia-content-slider avia-smallarrow-slider avia-content-grid-active noHover avia-content-slider-odd  avia-builder-el-7  el_before_av_textblock  avia-builder-el-first  avia-content-slider1'><div class='avia-smallarrow-slider-heading  no-logo-slider-heading '><div class='new-special-heading'>&nbsp;<\/div><\/div><div class=\"avia-content-slider-inner\"><div class=\"slide-entry-wrap\"><div  class='slide-entry av-a9hk1-3a1f184391306c08672f1bfcd783d2db flex_column no_margin av_fullwidth real-thumbnail post-entry slide-entry-overview slide-loop-1 slide-parity-odd  first'><a href=\"https:\/\/www.facebook.com\/bucerius.entrepreneurs\/\" data-rel='slide-1' class='slide-image' title='' target=\"_blank\" rel=\"noopener noreferrer\"><img decoding=\"async\" width=\"200\" height=\"200\" src=\"https:\/\/www.gruenderkompassrecht.de\/wp-content\/uploads\/2018\/03\/BUCERIUS-Entrepreneurs-Club.png\" class=\"wp-image-260 avia-img-lazy-loading-not-260 attachment-medium size-medium\" alt=\"\" srcset=\"https:\/\/www.gruenderkompassrecht.de\/wp-content\/uploads\/2018\/03\/BUCERIUS-Entrepreneurs-Club.png 200w, https:\/\/www.gruenderkompassrecht.de\/wp-content\/uploads\/2018\/03\/BUCERIUS-Entrepreneurs-Club-80x80.png 80w, https:\/\/www.gruenderkompassrecht.de\/wp-content\/uploads\/2018\/03\/BUCERIUS-Entrepreneurs-Club-36x36.png 36w, https:\/\/www.gruenderkompassrecht.de\/wp-content\/uploads\/2018\/03\/BUCERIUS-Entrepreneurs-Club-180x180.png 180w, https:\/\/www.gruenderkompassrecht.de\/wp-content\/uploads\/2018\/03\/BUCERIUS-Entrepreneurs-Club-120x120.png 120w\" sizes=\"(max-width: 200px) 100vw, 200px\" \/><\/a><\/div><\/div><div class=\"slide-entry-wrap\"><div  class='slide-entry av-9mhgx-d3a1b039e630e49cef950459c03a9ddb flex_column no_margin av_fullwidth real-thumbnail post-entry slide-entry-overview slide-loop-2 slide-parity-odd  first'><a href=\"http:\/\/www.dgj-partner.de\" data-rel='slide-1' class='slide-image' title='' target=\"_blank\" rel=\"noopener noreferrer\"><img decoding=\"async\" width=\"300\" height=\"108\" src=\"https:\/\/www.gruenderkompassrecht.de\/wp-content\/uploads\/2024\/04\/dgj-300x108.png\" class=\"wp-image-334 avia-img-lazy-loading-not-334 attachment-medium size-medium\" alt=\"\" srcset=\"https:\/\/www.gruenderkompassrecht.de\/wp-content\/uploads\/2024\/04\/dgj-300x108.png 300w, https:\/\/www.gruenderkompassrecht.de\/wp-content\/uploads\/2024\/04\/dgj.png 374w\" sizes=\"(max-width: 300px) 100vw, 300px\" \/><\/a><\/div><\/div><div class=\"slide-entry-wrap\"><div  class='slide-entry av-8h2cd-83742159b903cf577aca00770a6d0787 flex_column no_margin av_fullwidth real-thumbnail post-entry slide-entry-overview slide-loop-3 slide-parity-odd  first'><a href=\"http:\/\/www.rugefehsenfeld.de\" data-rel='slide-1' class='slide-image' title='' target=\"_blank\" rel=\"noopener noreferrer\"><img decoding=\"async\" width=\"1\" height=\"1\" src=\"https:\/\/www.gruenderkompassrecht.de\/wp-content\/uploads\/2025\/04\/ruge-fehsenfeld-logo-rf-blue.svg\" class=\"wp-image-379 avia-img-lazy-loading-not-379 attachment-medium size-medium\" alt=\"\" \/><\/a><\/div><\/div><div class=\"slide-entry-wrap\"><div  class='slide-entry av-7ze01-87dec0c0de143e13abbc17d28cf62f45 flex_column no_margin av_fullwidth real-thumbnail post-entry slide-entry-overview slide-loop-4 slide-parity-odd  first'><a href=\"http:\/\/www.rps-stahmer.de\/\" data-rel='slide-1' class='slide-image' title='' target=\"_blank\" rel=\"noopener noreferrer\"><img decoding=\"async\" width=\"300\" height=\"150\" src=\"https:\/\/www.gruenderkompassrecht.de\/wp-content\/uploads\/2016\/04\/image001-300x150.jpg\" class=\"wp-image-163 avia-img-lazy-loading-not-163 attachment-medium size-medium\" alt=\"\" srcset=\"https:\/\/www.gruenderkompassrecht.de\/wp-content\/uploads\/2016\/04\/image001-300x150.jpg 300w, https:\/\/www.gruenderkompassrecht.de\/wp-content\/uploads\/2016\/04\/image001-450x225.jpg 450w, https:\/\/www.gruenderkompassrecht.de\/wp-content\/uploads\/2016\/04\/image001-e1461703600308.jpg 180w\" sizes=\"(max-width: 300px) 100vw, 300px\" \/><\/a><\/div><\/div><div class=\"slide-entry-wrap\"><div  class='slide-entry av-95891-860288a139f7bbebb314bee6a640fe2a flex_column no_margin av_fullwidth real-thumbnail post-entry slide-entry-overview slide-loop-5 slide-parity-odd post-entry-last first'><a href=\"http:\/\/www.artana.law\" data-rel='slide-1' class='slide-image' title='' target=\"_blank\" rel=\"noopener noreferrer\"><img decoding=\"async\" width=\"300\" height=\"158\" src=\"https:\/\/www.gruenderkompassrecht.de\/wp-content\/uploads\/2024\/08\/Artana_small-300x158.png\" class=\"wp-image-345 avia-img-lazy-loading-not-345 attachment-medium size-medium\" alt=\"\" srcset=\"https:\/\/www.gruenderkompassrecht.de\/wp-content\/uploads\/2024\/08\/Artana_small-300x158.png 300w, https:\/\/www.gruenderkompassrecht.de\/wp-content\/uploads\/2024\/08\/Artana_small-1030x544.png 1030w, https:\/\/www.gruenderkompassrecht.de\/wp-content\/uploads\/2024\/08\/Artana_small-768x405.png 768w, https:\/\/www.gruenderkompassrecht.de\/wp-content\/uploads\/2024\/08\/Artana_small-1536x811.png 1536w, https:\/\/www.gruenderkompassrecht.de\/wp-content\/uploads\/2024\/08\/Artana_small-1500x792.png 1500w, https:\/\/www.gruenderkompassrecht.de\/wp-content\/uploads\/2024\/08\/Artana_small-710x375.png 710w, https:\/\/www.gruenderkompassrecht.de\/wp-content\/uploads\/2024\/08\/Artana_small-705x372.png 705w, https:\/\/www.gruenderkompassrecht.de\/wp-content\/uploads\/2024\/08\/Artana_small.png 1743w\" sizes=\"(max-width: 300px) 100vw, 300px\" \/><\/a><\/div><\/div><\/div><\/div><br \/>\n<section  class='av_textblock_section av-7g365-786ec6796f1128f90f8bbdf97c44b386'  itemscope=\"itemscope\" itemtype=\"https:\/\/schema.org\/CreativeWork\" ><div class='avia_textblock'  itemprop=\"text\" ><p style=\"text-align: center;\"><strong>unterst\u00fctzt durch die<\/strong><\/p>\n<\/div><\/section><br \/>\n\n<style type=\"text\/css\" data-created_by=\"avia_inline_auto\" id=\"style-css-av-o125-8eadf7bbe02a8a88f711aa66f1b87724\">\n.avia-image-container.av-o125-8eadf7bbe02a8a88f711aa66f1b87724 .av-image-caption-overlay-center{\ncolor:#ffffff;\n}\n<\/style>\n<div  class='avia-image-container av-o125-8eadf7bbe02a8a88f711aa66f1b87724 av-styling- avia-align-center  avia-builder-el-9  el_after_av_textblock  avia-builder-el-last '  itemprop=\"image\" itemscope=\"itemscope\" itemtype=\"https:\/\/schema.org\/ImageObject\" ><div class=\"avia-image-container-inner\"><div class=\"avia-image-overlay-wrap\"><img decoding=\"async\" class='wp-image-73 avia-img-lazy-loading-not-73 avia_image' src=\"https:\/\/www.gruenderkompassrecht.de\/wp-content\/uploads\/2016\/04\/image.jpg\" alt='' title='image'  height=\"75\" width=\"180\"  itemprop=\"thumbnailUrl\"  \/><\/div><\/div><\/div><\/p><\/div>\n\n<style type=\"text\/css\" data-created_by=\"avia_inline_auto\" id=\"style-css-av-6btv5-bb1e34f60686e73aae1dc11c3c00078a\">\n#top .hr.hr-invisible.av-6btv5-bb1e34f60686e73aae1dc11c3c00078a{\nheight:50px;\n}\n<\/style>\n<div  class='hr av-6btv5-bb1e34f60686e73aae1dc11c3c00078a hr-invisible  avia-builder-el-10  el_after_av_one_third  el_before_av_heading '><span class='hr-inner '><span class=\"hr-inner-style\"><\/span><\/span><\/div>\n\n<style type=\"text\/css\" data-created_by=\"avia_inline_auto\" id=\"style-css-av-5ukyd-d14c721af040316c441df0e4a0c35d7f\">\n#top .av-special-heading.av-5ukyd-d14c721af040316c441df0e4a0c35d7f{\npadding-bottom:10px;\n}\nbody .av-special-heading.av-5ukyd-d14c721af040316c441df0e4a0c35d7f .av-special-heading-tag .heading-char{\nfont-size:25px;\n}\n.av-special-heading.av-5ukyd-d14c721af040316c441df0e4a0c35d7f .av-subheading{\nfont-size:15px;\n}\n<\/style>\n<div  class='av-special-heading av-5ukyd-d14c721af040316c441df0e4a0c35d7f av-special-heading-h3  avia-builder-el-11  el_after_av_hr  el_before_av_one_third '><h3 class='av-special-heading-tag'  itemprop=\"headline\"  >Location<\/h3><div class=\"special-heading-border\"><div class=\"special-heading-inner-border\"><\/div><\/div><\/div>\n\n<style type=\"text\/css\" data-created_by=\"avia_inline_auto\" id=\"style-css-av-523ex-fe22c0cb3f1d093d2ae3b13c772de0ef\">\n.flex_column.av-523ex-fe22c0cb3f1d093d2ae3b13c772de0ef{\nborder-radius:0px 0px 0px 0px;\n-webkit-border-radius:0px 0px 0px 0px;\n-moz-border-radius:0px 0px 0px 0px;\n}\n<\/style>\n<div class='flex_column av-523ex-fe22c0cb3f1d093d2ae3b13c772de0ef av_one_third  avia-builder-el-12  el_after_av_heading  el_before_av_one_half  first flex_column_div av-zero-column-padding '   ><section  class='av_textblock_section av-4qvsd-8c4c2884e94b08a0864e3d10d90d55f5'  itemscope=\"itemscope\" itemtype=\"https:\/\/schema.org\/CreativeWork\" ><div class='avia_textblock'  itemprop=\"text\" ><p><strong>Wo:<\/strong><\/p>\n<p class=\"p1\"><span class=\"s1\">Bucerius Law School Hochschule f\u00fcr Rechtswissenschaft gemeinn\u00fctzige GmbH<\/span><\/p>\n<p class=\"p1\"><span class=\"s1\">Jungiusstra\u00dfe 6<\/span><\/p>\n<p class=\"p1\"><span class=\"s1\">20355 Hamburg<\/span><\/p>\n<p><a href=\"https:\/\/www.google.com\/maps\/dir\/\/Bucerius+Law+School,+Jungiusstra%C3%9Fe+6,+20355+Hamburg\/@53.5590005,9.9807981,17z\/data=!4m8!4m7!1m0!1m5!1m1!1s0x47b18f3d8197df6b:0x94bc9c21f676ecba!2m2!1d9.9829868!2d53.5589973?hl=de\" target=\"_blank\" rel=\"noopener\">Google-Routenplaner \u00f6ffnen<\/a><\/p>\n<\/div><\/section><\/div>\n<style type=\"text\/css\" data-created_by=\"avia_inline_auto\" id=\"style-css-av-qj11-27ec8193a7339ab52ccfeeff249db06a\">\n.flex_column.av-qj11-27ec8193a7339ab52ccfeeff249db06a{\nborder-radius:0px 0px 0px 0px;\n-webkit-border-radius:0px 0px 0px 0px;\n-moz-border-radius:0px 0px 0px 0px;\n}\n<\/style>\n<div class='flex_column av-qj11-27ec8193a7339ab52ccfeeff249db06a av_one_half  avia-builder-el-14  el_after_av_one_third  el_before_av_one_third  flex_column_div av-zero-column-padding '   ><\/div><\/p>\n<div class='flex_column av-1f47p-2b4bf0e2620d230929c3a57f1b44d135 av_one_third  avia-builder-el-15  el_after_av_one_half  el_before_av_one_third  first flex_column_div column-top-margin'   ><\/div>\n<div class='flex_column av-ob0h-8dfc6ffc90ce4b342eb23f1e55bb56d7 av_one_third  avia-builder-el-16  el_after_av_one_third  avia-builder-el-last  flex_column_div column-top-margin'   ><\/div>\n","protected":false},"excerpt":{"rendered":"","protected":false},"author":1,"featured_media":0,"parent":0,"menu_order":0,"comment_status":"closed","ping_status":"closed","template":"","meta":{"footnotes":""},"class_list":["post-17","page","type-page","status-publish","hentry"],"_links":{"self":[{"href":"https:\/\/www.gruenderkompassrecht.de\/de\/wp-json\/wp\/v2\/pages\/17","targetHints":{"allow":["GET"]}}],"collection":[{"href":"https:\/\/www.gruenderkompassrecht.de\/de\/wp-json\/wp\/v2\/pages"}],"about":[{"href":"https:\/\/www.gruenderkompassrecht.de\/de\/wp-json\/wp\/v2\/types\/page"}],"author":[{"embeddable":true,"href":"https:\/\/www.gruenderkompassrecht.de\/de\/wp-json\/wp\/v2\/users\/1"}],"replies":[{"embeddable":true,"href":"https:\/\/www.gruenderkompassrecht.de\/de\/wp-json\/wp\/v2\/comments?post=17"}],"version-history":[{"count":117,"href":"https:\/\/www.gruenderkompassrecht.de\/de\/wp-json\/wp\/v2\/pages\/17\/revisions"}],"predecessor-version":[{"id":383,"href":"https:\/\/www.gruenderkompassrecht.de\/de\/wp-json\/wp\/v2\/pages\/17\/revisions\/383"}],"wp:attachment":[{"href":"https:\/\/www.gruenderkompassrecht.de\/de\/wp-json\/wp\/v2\/media?parent=17"}],"curies":[{"name":"wp","href":"https:\/\/api.w.org\/{rel}","templated":true}]}}